{"id":17,"date":"2023-01-06T12:39:11","date_gmt":"2023-01-06T15:39:11","guid":{"rendered":"https:\/\/pizzaria2020.com.br\/pizzaria2020\/?page_id=17"},"modified":"2023-02-02T20:09:49","modified_gmt":"2023-02-02T23:09:49","slug":"inicio","status":"publish","type":"page","link":"https:\/\/pizzaria2020.com.br\/pizzaria2020\/","title":{"rendered":"IN\u00cdCIO"},"content":{"rendered":"<div class=\"slider-wrapper relative\" id=\"slider-1216279478\" >\n    <div class=\"slider slider-nav-circle slider-nav-large slider-nav-light slider-style-normal\"\n        data-flickity-options='{\n            \"cellAlign\": \"center\",\n            \"imagesLoaded\": true,\n            \"lazyLoad\": 1,\n            \"freeScroll\": false,\n            \"wrapAround\": true,\n            \"autoPlay\": 6000,\n            \"pauseAutoPlayOnHover\" : true,\n            \"prevNextButtons\": true,\n            \"contain\" : true,\n            \"adaptiveHeight\" : true,\n            \"dragThreshold\" : 10,\n            \"percentPosition\": true,\n            \"pageDots\": true,\n            \"rightToLeft\": false,\n            \"draggable\": true,\n            \"selectedAttraction\": 0.1,\n            \"parallax\" : 0,\n            \"friction\": 0.6        }'\n        >\n        \n\t<div class=\"img has-hover x md-x lg-x y md-y lg-y\" id=\"image_1410096851\">\n\t\t\t\t\t\t\t\t<div class=\"img-inner dark\" >\n\t\t\t<img loading=\"lazy\" decoding=\"async\" width=\"1020\" height=\"240\" src=\"https:\/\/pizzaria2020.com.br\/pizzaria2020\/wp-content\/uploads\/2023\/01\/1-1024x241.jpg\" class=\"attachment-large size-large\" alt=\"\" srcset=\"https:\/\/pizzaria2020.com.br\/pizzaria2020\/wp-content\/uploads\/2023\/01\/1-1024x241.jpg 1024w, https:\/\/pizzaria2020.com.br\/pizzaria2020\/wp-content\/uploads\/2023\/01\/1-300x71.jpg 300w, https:\/\/pizzaria2020.com.br\/pizzaria2020\/wp-content\/uploads\/2023\/01\/1-768x181.jpg 768w, https:\/\/pizzaria2020.com.br\/pizzaria2020\/wp-content\/uploads\/2023\/01\/1-1536x361.jpg 1536w, https:\/\/pizzaria2020.com.br\/pizzaria2020\/wp-content\/uploads\/2023\/01\/1.jpg 1700w\" sizes=\"auto, (max-width: 1020px) 100vw, 1020px\" \/>\t\t\t\t\t\t\n\t\t\t\t\t<\/div>\n\t\t\t\t\t\t\t\t\n<style>\n#image_1410096851 {\n  width: 100%;\n}\n<\/style>\n\t<\/div>\n\t\n\t<div class=\"img has-hover x md-x lg-x y md-y lg-y\" id=\"image_101780894\">\n\t\t\t\t\t\t\t\t<div class=\"img-inner dark\" >\n\t\t\t<img loading=\"lazy\" decoding=\"async\" width=\"1020\" height=\"240\" src=\"https:\/\/pizzaria2020.com.br\/pizzaria2020\/wp-content\/uploads\/2023\/01\/2-1024x241.jpg\" class=\"attachment-large size-large\" alt=\"\" srcset=\"https:\/\/pizzaria2020.com.br\/pizzaria2020\/wp-content\/uploads\/2023\/01\/2-1024x241.jpg 1024w, https:\/\/pizzaria2020.com.br\/pizzaria2020\/wp-content\/uploads\/2023\/01\/2-300x71.jpg 300w, https:\/\/pizzaria2020.com.br\/pizzaria2020\/wp-content\/uploads\/2023\/01\/2-768x181.jpg 768w, https:\/\/pizzaria2020.com.br\/pizzaria2020\/wp-content\/uploads\/2023\/01\/2-1536x361.jpg 1536w, https:\/\/pizzaria2020.com.br\/pizzaria2020\/wp-content\/uploads\/2023\/01\/2.jpg 1700w\" sizes=\"auto, (max-width: 1020px) 100vw, 1020px\" \/>\t\t\t\t\t\t\n\t\t\t\t\t<\/div>\n\t\t\t\t\t\t\t\t\n<style>\n#image_101780894 {\n  width: 100%;\n}\n<\/style>\n\t<\/div>\n\t\n\t<div class=\"img has-hover x md-x lg-x y md-y lg-y\" id=\"image_1350571390\">\n\t\t\t\t\t\t\t\t<div class=\"img-inner dark\" >\n\t\t\t<img loading=\"lazy\" decoding=\"async\" width=\"1020\" height=\"240\" src=\"https:\/\/pizzaria2020.com.br\/pizzaria2020\/wp-content\/uploads\/2023\/01\/3-1024x241.jpg\" class=\"attachment-large size-large\" alt=\"\" srcset=\"https:\/\/pizzaria2020.com.br\/pizzaria2020\/wp-content\/uploads\/2023\/01\/3-1024x241.jpg 1024w, https:\/\/pizzaria2020.com.br\/pizzaria2020\/wp-content\/uploads\/2023\/01\/3-300x71.jpg 300w, https:\/\/pizzaria2020.com.br\/pizzaria2020\/wp-content\/uploads\/2023\/01\/3-768x181.jpg 768w, https:\/\/pizzaria2020.com.br\/pizzaria2020\/wp-content\/uploads\/2023\/01\/3-1536x361.jpg 1536w, https:\/\/pizzaria2020.com.br\/pizzaria2020\/wp-content\/uploads\/2023\/01\/3.jpg 1700w\" sizes=\"auto, (max-width: 1020px) 100vw, 1020px\" \/>\t\t\t\t\t\t\n\t\t\t\t\t<\/div>\n\t\t\t\t\t\t\t\t\n<style>\n#image_1350571390 {\n  width: 100%;\n}\n<\/style>\n\t<\/div>\n\t\n\t<div class=\"img has-hover x md-x lg-x y md-y lg-y\" id=\"image_1055646384\">\n\t\t\t\t\t\t\t\t<div class=\"img-inner dark\" >\n\t\t\t<img loading=\"lazy\" decoding=\"async\" width=\"1020\" height=\"240\" src=\"https:\/\/pizzaria2020.com.br\/pizzaria2020\/wp-content\/uploads\/2023\/01\/4-1024x241.jpg\" class=\"attachment-large size-large\" alt=\"\" srcset=\"https:\/\/pizzaria2020.com.br\/pizzaria2020\/wp-content\/uploads\/2023\/01\/4-1024x241.jpg 1024w, https:\/\/pizzaria2020.com.br\/pizzaria2020\/wp-content\/uploads\/2023\/01\/4-300x71.jpg 300w, https:\/\/pizzaria2020.com.br\/pizzaria2020\/wp-content\/uploads\/2023\/01\/4-768x181.jpg 768w, https:\/\/pizzaria2020.com.br\/pizzaria2020\/wp-content\/uploads\/2023\/01\/4-1536x361.jpg 1536w, https:\/\/pizzaria2020.com.br\/pizzaria2020\/wp-content\/uploads\/2023\/01\/4.jpg 1700w\" sizes=\"auto, (max-width: 1020px) 100vw, 1020px\" \/>\t\t\t\t\t\t\n\t\t\t\t\t<\/div>\n\t\t\t\t\t\t\t\t\n<style>\n#image_1055646384 {\n  width: 100%;\n}\n<\/style>\n\t<\/div>\n\t\n\t<div class=\"img has-hover x md-x lg-x y md-y lg-y\" id=\"image_192754486\">\n\t\t\t\t\t\t\t\t<div class=\"img-inner dark\" >\n\t\t\t<img loading=\"lazy\" decoding=\"async\" width=\"1020\" height=\"240\" src=\"https:\/\/pizzaria2020.com.br\/pizzaria2020\/wp-content\/uploads\/2023\/01\/5-1024x241.jpg\" class=\"attachment-large size-large\" alt=\"\" srcset=\"https:\/\/pizzaria2020.com.br\/pizzaria2020\/wp-content\/uploads\/2023\/01\/5-1024x241.jpg 1024w, https:\/\/pizzaria2020.com.br\/pizzaria2020\/wp-content\/uploads\/2023\/01\/5-300x71.jpg 300w, https:\/\/pizzaria2020.com.br\/pizzaria2020\/wp-content\/uploads\/2023\/01\/5-768x181.jpg 768w, https:\/\/pizzaria2020.com.br\/pizzaria2020\/wp-content\/uploads\/2023\/01\/5-1536x361.jpg 1536w, https:\/\/pizzaria2020.com.br\/pizzaria2020\/wp-content\/uploads\/2023\/01\/5.jpg 1700w\" sizes=\"auto, (max-width: 1020px) 100vw, 1020px\" \/>\t\t\t\t\t\t\n\t\t\t\t\t<\/div>\n\t\t\t\t\t\t\t\t\n<style>\n#image_192754486 {\n  width: 100%;\n}\n<\/style>\n\t<\/div>\n\t\n     <\/div>\n\n     <div class=\"loading-spin dark large centered\"><\/div>\n\n     \t<\/div>\n\n\n<div class=\"is-divider divider clearfix\" style=\"max-width:15px;\"><\/div>\n\t<div class=\"img has-hover x md-x lg-x y md-y lg-y\" id=\"image_1487347639\">\n\t\t<a class=\"\" href=\"https:\/\/pizzaria2020.boltdelivery.com.br\/\" target=\"_blank\" rel=\"noopener noreferrer\" >\t\t\t\t\t\t<div class=\"img-inner image-zoom dark\" >\n\t\t\t<img loading=\"lazy\" decoding=\"async\" width=\"1020\" height=\"65\" src=\"https:\/\/pizzaria2020.com.br\/pizzaria2020\/wp-content\/uploads\/2023\/01\/BOLT-DELIVERY-1024x65.jpg\" class=\"attachment-large size-large\" alt=\"\" srcset=\"https:\/\/pizzaria2020.com.br\/pizzaria2020\/wp-content\/uploads\/2023\/01\/BOLT-DELIVERY-1024x65.jpg 1024w, https:\/\/pizzaria2020.com.br\/pizzaria2020\/wp-content\/uploads\/2023\/01\/BOLT-DELIVERY-300x19.jpg 300w, https:\/\/pizzaria2020.com.br\/pizzaria2020\/wp-content\/uploads\/2023\/01\/BOLT-DELIVERY-768x49.jpg 768w, https:\/\/pizzaria2020.com.br\/pizzaria2020\/wp-content\/uploads\/2023\/01\/BOLT-DELIVERY-1536x98.jpg 1536w, https:\/\/pizzaria2020.com.br\/pizzaria2020\/wp-content\/uploads\/2023\/01\/BOLT-DELIVERY.jpg 1700w\" sizes=\"auto, (max-width: 1020px) 100vw, 1020px\" \/>\t\t\t\t\t\t\n\t\t\t\t\t<\/div>\n\t\t\t\t\t\t<\/a>\t\t\n<style>\n#image_1487347639 {\n  width: 100%;\n}\n<\/style>\n\t<\/div>\n\t\n<div class=\"is-divider divider clearfix\" style=\"max-width:15px;\"><\/div>\n<a rel=\"noopener noreferrer\" href=\"https:\/\/api.whatsapp.com\/send?1=pt_BR&#038;phone=5511987400357\" target=\"_blank\" class=\"button primary is-shade is-large box-shadow-4 box-shadow-5-hover expand\"  style=\"border-radius:10px;\">\n    <span>CLIQUE E PE\u00c7A PELO WHATSAPP<\/span>\n  <i class=\"icon-phone\" ><\/i><\/a>\n\n","protected":false},"excerpt":{"rendered":"","protected":false},"author":1,"featured_media":95,"parent":0,"menu_order":0,"comment_status":"closed","ping_status":"closed","template":"","meta":{"footnotes":""},"class_list":["post-17","page","type-page","status-publish","has-post-thumbnail","hentry"],"yoast_head":"<!-- This site is optimized with the Yoast SEO plugin v27.5 - https:\/\/yoast.com\/product\/yoast-seo-wordpress\/ -->\n<title>IN\u00cdCIO - Pizzaria 2020<\/title>\n<meta name=\"description\" content=\"A melhor pizza do ABC. Estamos na Avenida Utinga, 301 - Santo Andr\u00e9 - Venha nos fazer uma visita ou pe\u00e7a delivery: 11 98740-0357\" \/>\n<meta name=\"robots\" content=\"index, follow, max-snippet:-1, max-image-preview:large, max-video-preview:-1\" \/>\n<link rel=\"canonical\" href=\"https:\/\/pizzaria2020.com.br\/pizzaria2020\/\" \/>\n<meta property=\"og:locale\" content=\"pt_BR\" \/>\n<meta property=\"og:type\" content=\"article\" \/>\n<meta property=\"og:title\" content=\"IN\u00cdCIO - Pizzaria 2020\" \/>\n<meta property=\"og:description\" content=\"A melhor pizza do ABC. Estamos na Avenida Utinga, 301 - Santo Andr\u00e9 - Venha nos fazer uma visita ou pe\u00e7a delivery: 11 98740-0357\" \/>\n<meta property=\"og:url\" content=\"https:\/\/pizzaria2020.com.br\/pizzaria2020\/\" \/>\n<meta property=\"og:site_name\" content=\"Pizzaria 2020\" \/>\n<meta property=\"article:modified_time\" content=\"2023-02-02T23:09:49+00:00\" \/>\n<meta property=\"og:image\" content=\"https:\/\/pizzaria2020.com.br\/pizzaria2020\/wp-content\/uploads\/2023\/02\/LOGO3-300x249-1.png\" \/>\n\t<meta property=\"og:image:width\" content=\"300\" \/>\n\t<meta property=\"og:image:height\" content=\"249\" \/>\n\t<meta property=\"og:image:type\" content=\"image\/png\" \/>\n<meta name=\"twitter:card\" content=\"summary_large_image\" \/>\n<meta name=\"twitter:label1\" content=\"Est. tempo de leitura\" \/>\n\t<meta name=\"twitter:data1\" content=\"1 minuto\" \/>\n<script type=\"application\/ld+json\" class=\"yoast-schema-graph\">{\"@context\":\"https:\\\/\\\/schema.org\",\"@graph\":[{\"@type\":\"WebPage\",\"@id\":\"https:\\\/\\\/pizzaria2020.com.br\\\/pizzaria2020\\\/\",\"url\":\"https:\\\/\\\/pizzaria2020.com.br\\\/pizzaria2020\\\/\",\"name\":\"IN\u00cdCIO - Pizzaria 2020\",\"isPartOf\":{\"@id\":\"https:\\\/\\\/pizzaria2020.com.br\\\/pizzaria2020\\\/#website\"},\"primaryImageOfPage\":{\"@id\":\"https:\\\/\\\/pizzaria2020.com.br\\\/pizzaria2020\\\/#primaryimage\"},\"image\":{\"@id\":\"https:\\\/\\\/pizzaria2020.com.br\\\/pizzaria2020\\\/#primaryimage\"},\"thumbnailUrl\":\"https:\\\/\\\/pizzaria2020.com.br\\\/pizzaria2020\\\/wp-content\\\/uploads\\\/2023\\\/02\\\/LOGO3-300x249-1.png\",\"datePublished\":\"2023-01-06T15:39:11+00:00\",\"dateModified\":\"2023-02-02T23:09:49+00:00\",\"description\":\"A melhor pizza do ABC. Estamos na Avenida Utinga, 301 - Santo Andr\u00e9 - Venha nos fazer uma visita ou pe\u00e7a delivery: 11 98740-0357\",\"breadcrumb\":{\"@id\":\"https:\\\/\\\/pizzaria2020.com.br\\\/pizzaria2020\\\/#breadcrumb\"},\"inLanguage\":\"pt-BR\",\"potentialAction\":[{\"@type\":\"ReadAction\",\"target\":[\"https:\\\/\\\/pizzaria2020.com.br\\\/pizzaria2020\\\/\"]}]},{\"@type\":\"ImageObject\",\"inLanguage\":\"pt-BR\",\"@id\":\"https:\\\/\\\/pizzaria2020.com.br\\\/pizzaria2020\\\/#primaryimage\",\"url\":\"https:\\\/\\\/pizzaria2020.com.br\\\/pizzaria2020\\\/wp-content\\\/uploads\\\/2023\\\/02\\\/LOGO3-300x249-1.png\",\"contentUrl\":\"https:\\\/\\\/pizzaria2020.com.br\\\/pizzaria2020\\\/wp-content\\\/uploads\\\/2023\\\/02\\\/LOGO3-300x249-1.png\",\"width\":300,\"height\":249},{\"@type\":\"BreadcrumbList\",\"@id\":\"https:\\\/\\\/pizzaria2020.com.br\\\/pizzaria2020\\\/#breadcrumb\",\"itemListElement\":[{\"@type\":\"ListItem\",\"position\":1,\"name\":\"In\u00edcio\",\"item\":\"https:\\\/\\\/pizzaria2020.com.br\\\/pizzaria2020\\\/\"},{\"@type\":\"ListItem\",\"position\":2,\"name\":\"IN\u00cdCIO\"}]},{\"@type\":\"WebSite\",\"@id\":\"https:\\\/\\\/pizzaria2020.com.br\\\/pizzaria2020\\\/#website\",\"url\":\"https:\\\/\\\/pizzaria2020.com.br\\\/pizzaria2020\\\/\",\"name\":\"Pizzaria 2020\",\"description\":\"A melhor pizza do ABC\",\"potentialAction\":[{\"@type\":\"SearchAction\",\"target\":{\"@type\":\"EntryPoint\",\"urlTemplate\":\"https:\\\/\\\/pizzaria2020.com.br\\\/pizzaria2020\\\/?s={search_term_string}\"},\"query-input\":{\"@type\":\"PropertyValueSpecification\",\"valueRequired\":true,\"valueName\":\"search_term_string\"}}],\"inLanguage\":\"pt-BR\"}]}<\/script>\n<!-- \/ Yoast SEO plugin. -->","yoast_head_json":{"title":"IN\u00cdCIO - Pizzaria 2020","description":"A melhor pizza do ABC. Estamos na Avenida Utinga, 301 - Santo Andr\u00e9 - Venha nos fazer uma visita ou pe\u00e7a delivery: 11 98740-0357","robots":{"index":"index","follow":"follow","max-snippet":"max-snippet:-1","max-image-preview":"max-image-preview:large","max-video-preview":"max-video-preview:-1"},"canonical":"https:\/\/pizzaria2020.com.br\/pizzaria2020\/","og_locale":"pt_BR","og_type":"article","og_title":"IN\u00cdCIO - Pizzaria 2020","og_description":"A melhor pizza do ABC. Estamos na Avenida Utinga, 301 - Santo Andr\u00e9 - Venha nos fazer uma visita ou pe\u00e7a delivery: 11 98740-0357","og_url":"https:\/\/pizzaria2020.com.br\/pizzaria2020\/","og_site_name":"Pizzaria 2020","article_modified_time":"2023-02-02T23:09:49+00:00","og_image":[{"width":300,"height":249,"url":"https:\/\/pizzaria2020.com.br\/pizzaria2020\/wp-content\/uploads\/2023\/02\/LOGO3-300x249-1.png","type":"image\/png"}],"twitter_card":"summary_large_image","twitter_misc":{"Est. tempo de leitura":"1 minuto"},"schema":{"@context":"https:\/\/schema.org","@graph":[{"@type":"WebPage","@id":"https:\/\/pizzaria2020.com.br\/pizzaria2020\/","url":"https:\/\/pizzaria2020.com.br\/pizzaria2020\/","name":"IN\u00cdCIO - Pizzaria 2020","isPartOf":{"@id":"https:\/\/pizzaria2020.com.br\/pizzaria2020\/#website"},"primaryImageOfPage":{"@id":"https:\/\/pizzaria2020.com.br\/pizzaria2020\/#primaryimage"},"image":{"@id":"https:\/\/pizzaria2020.com.br\/pizzaria2020\/#primaryimage"},"thumbnailUrl":"https:\/\/pizzaria2020.com.br\/pizzaria2020\/wp-content\/uploads\/2023\/02\/LOGO3-300x249-1.png","datePublished":"2023-01-06T15:39:11+00:00","dateModified":"2023-02-02T23:09:49+00:00","description":"A melhor pizza do ABC. Estamos na Avenida Utinga, 301 - Santo Andr\u00e9 - Venha nos fazer uma visita ou pe\u00e7a delivery: 11 98740-0357","breadcrumb":{"@id":"https:\/\/pizzaria2020.com.br\/pizzaria2020\/#breadcrumb"},"inLanguage":"pt-BR","potentialAction":[{"@type":"ReadAction","target":["https:\/\/pizzaria2020.com.br\/pizzaria2020\/"]}]},{"@type":"ImageObject","inLanguage":"pt-BR","@id":"https:\/\/pizzaria2020.com.br\/pizzaria2020\/#primaryimage","url":"https:\/\/pizzaria2020.com.br\/pizzaria2020\/wp-content\/uploads\/2023\/02\/LOGO3-300x249-1.png","contentUrl":"https:\/\/pizzaria2020.com.br\/pizzaria2020\/wp-content\/uploads\/2023\/02\/LOGO3-300x249-1.png","width":300,"height":249},{"@type":"BreadcrumbList","@id":"https:\/\/pizzaria2020.com.br\/pizzaria2020\/#breadcrumb","itemListElement":[{"@type":"ListItem","position":1,"name":"In\u00edcio","item":"https:\/\/pizzaria2020.com.br\/pizzaria2020\/"},{"@type":"ListItem","position":2,"name":"IN\u00cdCIO"}]},{"@type":"WebSite","@id":"https:\/\/pizzaria2020.com.br\/pizzaria2020\/#website","url":"https:\/\/pizzaria2020.com.br\/pizzaria2020\/","name":"Pizzaria 2020","description":"A melhor pizza do ABC","potentialAction":[{"@type":"SearchAction","target":{"@type":"EntryPoint","urlTemplate":"https:\/\/pizzaria2020.com.br\/pizzaria2020\/?s={search_term_string}"},"query-input":{"@type":"PropertyValueSpecification","valueRequired":true,"valueName":"search_term_string"}}],"inLanguage":"pt-BR"}]}},"_links":{"self":[{"href":"https:\/\/pizzaria2020.com.br\/pizzaria2020\/wp-json\/wp\/v2\/pages\/17","targetHints":{"allow":["GET"]}}],"collection":[{"href":"https:\/\/pizzaria2020.com.br\/pizzaria2020\/wp-json\/wp\/v2\/pages"}],"about":[{"href":"https:\/\/pizzaria2020.com.br\/pizzaria2020\/wp-json\/wp\/v2\/types\/page"}],"author":[{"embeddable":true,"href":"https:\/\/pizzaria2020.com.br\/pizzaria2020\/wp-json\/wp\/v2\/users\/1"}],"replies":[{"embeddable":true,"href":"https:\/\/pizzaria2020.com.br\/pizzaria2020\/wp-json\/wp\/v2\/comments?post=17"}],"version-history":[{"count":7,"href":"https:\/\/pizzaria2020.com.br\/pizzaria2020\/wp-json\/wp\/v2\/pages\/17\/revisions"}],"predecessor-version":[{"id":96,"href":"https:\/\/pizzaria2020.com.br\/pizzaria2020\/wp-json\/wp\/v2\/pages\/17\/revisions\/96"}],"wp:featuredmedia":[{"embeddable":true,"href":"https:\/\/pizzaria2020.com.br\/pizzaria2020\/wp-json\/wp\/v2\/media\/95"}],"wp:attachment":[{"href":"https:\/\/pizzaria2020.com.br\/pizzaria2020\/wp-json\/wp\/v2\/media?parent=17"}],"curies":[{"name":"wp","href":"https:\/\/api.w.org\/{rel}","templated":true}]}}