{"id":49,"date":"2023-01-06T15:51:42","date_gmt":"2023-01-06T18:51:42","guid":{"rendered":"https:\/\/pizzaria2020.com.br\/pizzaria2020\/?page_id=49"},"modified":"2023-01-06T16:13:22","modified_gmt":"2023-01-06T19:13:22","slug":"pizzas","status":"publish","type":"page","link":"https:\/\/pizzaria2020.com.br\/pizzaria2020\/pizzas\/","title":{"rendered":"PIZZAS"},"content":{"rendered":"<div class=\"container section-title-container\" ><h3 class=\"section-title section-title-center\"><b><\/b><span class=\"section-title-main\" ><i class=\"icon-checkmark\" ><\/i>PIZZAS SALGADAS E DOCES<\/span><b><\/b><\/h3><\/div>\n\n  <div class=\"banner has-hover\" id=\"banner-688941022\">\n          <div class=\"banner-inner fill\">\n        <div class=\"banner-bg fill\" >\n            <div class=\"bg fill bg-fill \"><\/div>\n                                    \n            <div class=\"effect-sparkle bg-effect fill no-click\"><\/div>        <\/div>\n\t\t\n        <div class=\"banner-layers container\">\n            <div class=\"fill banner-link\"><\/div>            \n        <\/div>\n      <\/div>\n\n            \n<style>\n#banner-688941022 {\n  padding-top: 140px;\n}\n#banner-688941022 .bg.bg-loaded {\n  background-image: url(https:\/\/pizzaria2020.com.br\/pizzaria2020\/wp-content\/uploads\/2023\/01\/L-950x140-1.jpg);\n}\n#banner-688941022 .ux-shape-divider--top svg {\n  height: 150px;\n  --divider-top-width: 100%;\n}\n#banner-688941022 .ux-shape-divider--bottom svg {\n  height: 150px;\n  --divider-width: 100%;\n}\n<\/style>\n  <\/div>\n\n\n<p style=\"text-align: center;\"><strong>Novidade, pizza tamanho Fam\u00edlia&#8230;\u00a0 Todas as pizzas acompanham molho e or\u00e9gano.<\/strong><\/p>\n\n\n<table id=\"tablepress-1\" class=\"tablepress tablepress-id-1\">\n<thead>\n<tr class=\"row-1\">\n\t<th class=\"column-1\">N\u00daMERO<\/th><th class=\"column-2\">NOME<\/th><th class=\"column-3\">ITENS CONTIDOS NA PIZZA<\/th>\n<\/tr>\n<\/thead>\n<tbody class=\"row-striping row-hover\">\n<tr class=\"row-2\">\n\t<td class=\"column-1\">01<\/td><td class=\"column-2\">ALICHE IMPORTADO<\/td><td class=\"column-3\">Fatias de tomate, Aliche, cebola e azeitonas<\/td>\n<\/tr>\n<tr class=\"row-3\">\n\t<td class=\"column-1\">02<\/td><td class=\"column-2\">ATUM<\/td><td class=\"column-3\">Atum, cebola e azeitonas<\/td>\n<\/tr>\n<tr class=\"row-4\">\n\t<td class=\"column-1\">03<\/td><td class=\"column-2\">ATUM COM MILHO<\/td><td class=\"column-3\">Atum, milho verde, cebola e azeitonas<\/td>\n<\/tr>\n<tr class=\"row-5\">\n\t<td class=\"column-1\">04<\/td><td class=\"column-2\">BACON<\/td><td class=\"column-3\">Mussarela, bacon e azeitonas<\/td>\n<\/tr>\n<tr class=\"row-6\">\n\t<td class=\"column-1\">05<\/td><td class=\"column-2\">BAIACATU<\/td><td class=\"column-3\">Catupiry original, calabresa mo\u00edda, pimenta, cebola e azeitonas<\/td>\n<\/tr>\n<tr class=\"row-7\">\n\t<td class=\"column-1\">06<\/td><td class=\"column-2\">ESCAROLA<\/td><td class=\"column-3\">Escarola, coberta de Mussarela, cebola e azeitonas<\/td>\n<\/tr>\n<tr class=\"row-8\">\n\t<td class=\"column-1\">07<\/td><td class=\"column-2\">PALMITO COM CATUPIRY ORIGINAL<\/td><td class=\"column-3\">Catupiry, palmito, cebola e azeitonas<\/td>\n<\/tr>\n<tr class=\"row-9\">\n\t<td class=\"column-1\">08<\/td><td class=\"column-2\">CALABRESA<\/td><td class=\"column-3\">Calabresa, cebola e azeitonas<\/td>\n<\/tr>\n<tr class=\"row-10\">\n\t<td class=\"column-1\">09<\/td><td class=\"column-2\">CAMAR\u00c3O<\/td><td class=\"column-3\">Camar\u00e3o, cebola e azeitonas<\/td>\n<\/tr>\n<tr class=\"row-11\">\n\t<td class=\"column-1\">10<\/td><td class=\"column-2\">CAMAR\u00c3O COM CATUPIRY ORIGINAL<\/td><td class=\"column-3\">Catupiry, camar\u00e3o, cebola e azeitonas<\/td>\n<\/tr>\n<tr class=\"row-12\">\n\t<td class=\"column-1\">11<\/td><td class=\"column-2\">CATUPIRY ORIGINAL COM MILHO<\/td><td class=\"column-3\">Catupiry, milho verde, cebola e azeitonas<\/td>\n<\/tr>\n<tr class=\"row-13\">\n\t<td class=\"column-1\">12<\/td><td class=\"column-2\">LOMBO CANADENSE<\/td><td class=\"column-3\">Catupiry original ou Mussarela, lombo canadense, cebola e<br \/>\nazeitonas<\/td>\n<\/tr>\n<tr class=\"row-14\">\n\t<td class=\"column-1\">13<\/td><td class=\"column-2\">CATUPIRY ORIGINAL<\/td><td class=\"column-3\">Catupiry e azeitonas<\/td>\n<\/tr>\n<tr class=\"row-15\">\n\t<td class=\"column-1\">14<\/td><td class=\"column-2\">CALIF\u00d3RNIA<\/td><td class=\"column-3\">Lombo canadense, peda\u00e7os de frutas, coberta de<br \/>\nMussarela e cerejas<\/td>\n<\/tr>\n<tr class=\"row-16\">\n\t<td class=\"column-1\">15<\/td><td class=\"column-2\">DOIS QUEIJOS<\/td><td class=\"column-3\">Mussarela, Provolone e azeitonas<\/td>\n<\/tr>\n<tr class=\"row-17\">\n\t<td class=\"column-1\">16<\/td><td class=\"column-2\">FIORENTINA<\/td><td class=\"column-3\">Atum, palmito, ervilha, camar\u00e3o, cebola, coberta de<br \/>\nMussarela e azeitonas.<\/td>\n<\/tr>\n<tr class=\"row-18\">\n\t<td class=\"column-1\">17<\/td><td class=\"column-2\">GORGOZOLA<\/td><td class=\"column-3\">Gorgonzola e azeitonas<\/td>\n<\/tr>\n<tr class=\"row-19\">\n\t<td class=\"column-1\">18<\/td><td class=\"column-2\">MUSSARELA<\/td><td class=\"column-3\">Mussarela e azeitonas<\/td>\n<\/tr>\n<tr class=\"row-20\">\n\t<td class=\"column-1\">19<\/td><td class=\"column-2\">MILHO VERDE COM CAMAR\u00c3O<\/td><td class=\"column-3\">Mussarela, milho verde, camar\u00e3o, cebola e azeitonas<\/td>\n<\/tr>\n<tr class=\"row-21\">\n\t<td class=\"column-1\">20<\/td><td class=\"column-2\">MILHO VERDE<\/td><td class=\"column-3\">Mussarela, milho, cebola e azeitonas<\/td>\n<\/tr>\n<tr class=\"row-22\">\n\t<td class=\"column-1\">21<\/td><td class=\"column-2\">MARGUERITA VINTEVINTE<\/td><td class=\"column-3\">Mussarela, aliche, presunto enrolado, parmes\u00e3o e<br \/>\nazeitonas<\/td>\n<\/tr>\n<tr class=\"row-23\">\n\t<td class=\"column-1\">22<\/td><td class=\"column-2\">A MODA DA CASA<\/td><td class=\"column-3\">Mussarela, lombo picado, palmito, ervilha, ovo, bacon,<br \/>\ncamar\u00e3o, cebola e azeitonas<\/td>\n<\/tr>\n<tr class=\"row-24\">\n\t<td class=\"column-1\">23<\/td><td class=\"column-2\">MUSSARELA COM PALMITO<\/td><td class=\"column-3\">Mussarela, palmito, cebola e azeitonas<\/td>\n<\/tr>\n<tr class=\"row-25\">\n\t<td class=\"column-1\">24<\/td><td class=\"column-2\">PORTUGUESA<\/td><td class=\"column-3\">Mussarela, presunto, calabresa, palmito, ervilha, ovo,<br \/>\ncebola e azeitonas<\/td>\n<\/tr>\n<tr class=\"row-26\">\n\t<td class=\"column-1\">25<\/td><td class=\"column-2\">PRESUNTO<\/td><td class=\"column-3\">Presunto, cebola e azeitonas<\/td>\n<\/tr>\n<tr class=\"row-27\">\n\t<td class=\"column-1\">26<\/td><td class=\"column-2\">PROVOLONE<\/td><td class=\"column-3\">Provolone e azeitonas<\/td>\n<\/tr>\n<tr class=\"row-28\">\n\t<td class=\"column-1\">27<\/td><td class=\"column-2\">QUATRO QUEIJOS<\/td><td class=\"column-3\">Mussarela, provolone, bolas de catupiry original,<br \/>\nGorgonzola e azeitonas<\/td>\n<\/tr>\n<tr class=\"row-29\">\n\t<td class=\"column-1\">28<\/td><td class=\"column-2\"><\/td><td class=\"column-3\"><\/td>\n<\/tr>\n<tr class=\"row-30\">\n\t<td class=\"column-1\">29<\/td><td class=\"column-2\">SICILIANA<\/td><td class=\"column-3\">Calabresa mo\u00edda, camar\u00e3o, cebola, parmes\u00e3o e azeitonas<\/td>\n<\/tr>\n<tr class=\"row-31\">\n\t<td class=\"column-1\">30<\/td><td class=\"column-2\">TOSCANA<\/td><td class=\"column-3\">Calabresa, cebola, coberta de mussarela e azeitonas<\/td>\n<\/tr>\n<tr class=\"row-32\">\n\t<td class=\"column-1\">31<\/td><td class=\"column-2\">VINTEVINTE<\/td><td class=\"column-3\">Atum, lombo picado, milho verde, camar\u00e3o, coberta de<br \/>\nmussarela, cebola<\/td>\n<\/tr>\n<tr class=\"row-33\">\n\t<td class=\"column-1\">32<\/td><td class=\"column-2\"><\/td><td class=\"column-3\"><\/td>\n<\/tr>\n<tr class=\"row-34\">\n\t<td class=\"column-1\">33<\/td><td class=\"column-2\">MILHO VERDE COM ATUM<\/td><td class=\"column-3\">Mussarela, atum, milho verde, cebola e azeitonas<\/td>\n<\/tr>\n<tr class=\"row-35\">\n\t<td class=\"column-1\">34<\/td><td class=\"column-2\">GREGA<\/td><td class=\"column-3\">Champignon, camar\u00e3o, cebola, coberta de mussarela e<br \/>\nazeitonas<\/td>\n<\/tr>\n<tr class=\"row-36\">\n\t<td class=\"column-1\">35<\/td><td class=\"column-2\">CAPRESA<\/td><td class=\"column-3\">Mussarela, presunto, bacon, cebola e azeitonas<\/td>\n<\/tr>\n<tr class=\"row-37\">\n\t<td class=\"column-1\">36<\/td><td class=\"column-2\">FRANGO COM MUSSARELA<\/td><td class=\"column-3\">Frango, cebola, coberta de mussarela e azeitonas<\/td>\n<\/tr>\n<tr class=\"row-38\">\n\t<td class=\"column-1\">37<\/td><td class=\"column-2\">PERUANA<\/td><td class=\"column-3\">Atum, cebola, coberta de mussarela e azeitonas<\/td>\n<\/tr>\n<tr class=\"row-39\">\n\t<td class=\"column-1\">38<\/td><td class=\"column-2\">ALHO E \u00d3LEO<\/td><td class=\"column-3\">Mussarela, alho frito e azeitonas<\/td>\n<\/tr>\n<tr class=\"row-40\">\n\t<td class=\"column-1\">39<\/td><td class=\"column-2\">NAMORADOS<\/td><td class=\"column-3\">Mussarela, bolas de catupiry original, palmito, fatias de<br \/>\ntomate e azeitonas<\/td>\n<\/tr>\n<tr class=\"row-41\">\n\t<td class=\"column-1\">40<\/td><td class=\"column-2\">BRASILEIRA<\/td><td class=\"column-3\">Mussarela, calabresa, palmito, bacon, cebola e azeitonas<\/td>\n<\/tr>\n<tr class=\"row-42\">\n\t<td class=\"column-1\">41<\/td><td class=\"column-2\">CATUPIRY ORIGINAL COM ATUM<\/td><td class=\"column-3\">Catupiry, atum, cebola e azeitonas<\/td>\n<\/tr>\n<tr class=\"row-43\">\n\t<td class=\"column-1\">42<\/td><td class=\"column-2\">ROMANA<\/td><td class=\"column-3\">Mussarela, aliche e azeitonas<\/td>\n<\/tr>\n<tr class=\"row-44\">\n\t<td class=\"column-1\">43<\/td><td class=\"column-2\">NAPOLITANA<\/td><td class=\"column-3\">Mussarela, fatias de tomate, aliche, parmes\u00e3o e azeitonas<\/td>\n<\/tr>\n<tr class=\"row-45\">\n\t<td class=\"column-1\">44<\/td><td class=\"column-2\">AVENIDA<\/td><td class=\"column-3\">Atum, mussarela, calabresa, palmito, ervilha, ovo, cebola<br \/>\ne azeitonas<\/td>\n<\/tr>\n<tr class=\"row-46\">\n\t<td class=\"column-1\">45<\/td><td class=\"column-2\">FRANGO COM CATUPIRY ORIGINAL<\/td><td class=\"column-3\">Catupiry, frango, cebola e azeitonas<\/td>\n<\/tr>\n<tr class=\"row-47\">\n\t<td class=\"column-1\">46<\/td><td class=\"column-2\">A MODA DO CHEFE<\/td><td class=\"column-3\">Escarola, aliche, cebola, provolone ralado, cebola e<br \/>\nazeitonas<\/td>\n<\/tr>\n<tr class=\"row-48\">\n\t<td class=\"column-1\">47<\/td><td class=\"column-2\">TURIM<\/td><td class=\"column-3\">Atum, champignon, coberta de mussarela<\/td>\n<\/tr>\n<tr class=\"row-49\">\n\t<td class=\"column-1\">48<\/td><td class=\"column-2\">TRIC-TRIC<\/td><td class=\"column-3\">Mussarela, lombo picado, champignon, aliche, cebola e<br \/>\nazeitonas<\/td>\n<\/tr>\n<tr class=\"row-50\">\n\t<td class=\"column-1\">49<\/td><td class=\"column-2\">MARGUERITA<\/td><td class=\"column-3\">Mussarela, fatias de tomate, manjeric\u00e3o, parmes\u00e3o e<br \/>\nazeitonas<\/td>\n<\/tr>\n<tr class=\"row-51\">\n\t<td class=\"column-1\">50<\/td><td class=\"column-2\">RUCULA<\/td><td class=\"column-3\">Mussarela, rucula, tomate seco e azeitonas<\/td>\n<\/tr>\n<tr class=\"row-52\">\n\t<td class=\"column-1\">51<\/td><td class=\"column-2\"><\/td><td class=\"column-3\"><\/td>\n<\/tr>\n<tr class=\"row-53\">\n\t<td class=\"column-1\">52<\/td><td class=\"column-2\">MARGUERITA COM TOMATE SECO<\/td><td class=\"column-3\">Mussarela, tomate seco, manjeric\u00e3o e parmes\u00e3o<\/td>\n<\/tr>\n<tr class=\"row-54\">\n\t<td class=\"column-1\">53<\/td><td class=\"column-2\">CALIF\u00d3RNIA VINTEVINTE<\/td><td class=\"column-3\">Catupiry, peda\u00e7os de frutas, canela e cerejas<\/td>\n<\/tr>\n<tr class=\"row-55\">\n\t<td class=\"column-1\">54<\/td><td class=\"column-2\">LOMBO COM CHEDDAR<\/td><td class=\"column-3\">Lombo canadense, cheddar, cebola e azeitonas<\/td>\n<\/tr>\n<tr class=\"row-56\">\n\t<td class=\"column-1\">55<\/td><td class=\"column-2\">FRANGO COM CHEDDAR<\/td><td class=\"column-3\">Frango, cheddar, cebola e azeitonas<\/td>\n<\/tr>\n<tr class=\"row-57\">\n\t<td class=\"column-1\">56<\/td><td class=\"column-2\">ROMEU E JULIETA<\/td><td class=\"column-3\">Leite condensado, goiabada, coberta de mussarela<\/td>\n<\/tr>\n<tr class=\"row-58\">\n\t<td class=\"column-1\">57<\/td><td class=\"column-2\">NORDESTINA<\/td><td class=\"column-3\">Carne seca desfiada, catupiry original ou mussarela,<br \/>\ncebola e azeitonas<\/td>\n<\/tr>\n<tr class=\"row-59\">\n\t<td class=\"column-1\">58<\/td><td class=\"column-2\">DIPLOMATA<\/td><td class=\"column-3\">Mussarela ou catupiry original, peito de peru e cebola<\/td>\n<\/tr>\n<tr class=\"row-60\">\n\t<td class=\"column-1\">59<\/td><td class=\"column-2\">PEPPERONI<\/td><td class=\"column-3\">Mussarela ou catupiry original, cebola, salame apimentado<\/td>\n<\/tr>\n<tr class=\"row-61\">\n\t<td class=\"column-1\">60<\/td><td class=\"column-2\">BROC\u00d3LIS<\/td><td class=\"column-3\">Br\u00f3colis, bacon, cebola, coberta de mussarela<\/td>\n<\/tr>\n<tr class=\"row-62\">\n\t<td class=\"column-1\">61<\/td><td class=\"column-2\">BR\u00d3COLIS II<\/td><td class=\"column-3\">Br\u00f3colis, cebola, bacon, coberto de catupiry original<\/td>\n<\/tr>\n<tr class=\"row-63\">\n\t<td class=\"column-1\">62<\/td><td class=\"column-2\">CHOCOLATE<\/td><td class=\"column-3\">Chocolate com granulado<\/td>\n<\/tr>\n<tr class=\"row-64\">\n\t<td class=\"column-1\">63<\/td><td class=\"column-2\">FRANCESA<\/td><td class=\"column-3\">Peito de peru, palmito, cora\u00e7\u00e3o de alcachofra e<br \/>\nalcaparras<\/td>\n<\/tr>\n<tr class=\"row-65\">\n\t<td class=\"column-1\">64<\/td><td class=\"column-2\">BANANA<\/td><td class=\"column-3\">Leite condensado, rod. de banana, canela em p\u00f3<\/td>\n<\/tr>\n<tr class=\"row-66\">\n\t<td class=\"column-1\">65<\/td><td class=\"column-2\">BERINJELA<\/td><td class=\"column-3\">Berinjela temperada com tomate, catupiry original ou<br \/>\nmussarela, cebola e azeitonas.<\/td>\n<\/tr>\n<tr class=\"row-67\">\n\t<td class=\"column-1\">66<\/td><td class=\"column-2\">ALEM\u00c3<\/td><td class=\"column-3\">Mussarela, batata palha e azeitonas<\/td>\n<\/tr>\n<tr class=\"row-68\">\n\t<td class=\"column-1\">67<\/td><td class=\"column-2\">BAIANA<\/td><td class=\"column-3\">Calabresa mo\u00edda, ovos, cebola e azeitonas<\/td>\n<\/tr>\n<tr class=\"row-69\">\n\t<td class=\"column-1\">68<\/td><td class=\"column-2\"><\/td><td class=\"column-3\"><\/td>\n<\/tr>\n<tr class=\"row-70\">\n\t<td class=\"column-1\">69<\/td><td class=\"column-2\">PRESTIGIO<\/td><td class=\"column-3\">Chocolate com coco<\/td>\n<\/tr>\n<tr class=\"row-71\">\n\t<td class=\"column-1\">70<\/td><td class=\"column-2\">DOCE DE LEITE<\/td><td class=\"column-3\">Doce de leite com coco ralado<\/td>\n<\/tr>\n<tr class=\"row-72\">\n\t<td class=\"column-1\">71<\/td><td class=\"column-2\">HOLANDESA<\/td><td class=\"column-3\">Peito de peru, ovo, bacon, milho e rodelas de tomate,<br \/>\ncoberto de mussarela<\/td>\n<\/tr>\n<tr class=\"row-73\">\n\t<td class=\"column-1\">72<\/td><td class=\"column-2\"><\/td><td class=\"column-3\"><\/td>\n<\/tr>\n<tr class=\"row-74\">\n\t<td class=\"column-1\">73<\/td><td class=\"column-2\">VEGETARIANA<\/td><td class=\"column-3\">Escarola, palmito, milho, ervilha, champignon e cebola<\/td>\n<\/tr>\n<tr class=\"row-75\">\n\t<td class=\"column-1\">74<\/td><td class=\"column-2\">VEGETARIANA II<\/td><td class=\"column-3\">Br\u00f3colis, Champignon, palmito e cebolas<\/td>\n<\/tr>\n<tr class=\"row-76\">\n\t<td class=\"column-1\">75<\/td><td class=\"column-2\"><\/td><td class=\"column-3\"><\/td>\n<\/tr>\n<tr class=\"row-77\">\n\t<td class=\"column-1\">76<\/td><td class=\"column-2\">BEIJINHO<\/td><td class=\"column-3\">Doce de Coco<\/td>\n<\/tr>\n<tr class=\"row-78\">\n\t<td class=\"column-1\">77<\/td><td class=\"column-2\">FRAP\u00ca<\/td><td class=\"column-3\">Doce de coco com chocolate por cima<\/td>\n<\/tr>\n<tr class=\"row-79\">\n\t<td class=\"column-1\">78<\/td><td class=\"column-2\">SENSA\u00c7\u00c3O<\/td><td class=\"column-3\">Brigadeiro com morango e chocolate granulado<\/td>\n<\/tr>\n<\/tbody>\n<\/table>\n<!-- #tablepress-1 from cache -->\n\n","protected":false},"excerpt":{"rendered":"<p>Novidade, pizza tamanho Fam\u00edlia&#8230;\u00a0 Todas as pizzas acompanham molho e or\u00e9gano.<\/p>\n","protected":false},"author":1,"featured_media":0,"parent":0,"menu_order":0,"comment_status":"closed","ping_status":"closed","template":"","meta":{"footnotes":""},"class_list":["post-49","page","type-page","status-publish","hentry"],"yoast_head":"<!-- This site is optimized with the Yoast SEO plugin v27.5 - https:\/\/yoast.com\/product\/yoast-seo-wordpress\/ -->\n<title>PIZZAS - Pizzaria 2020<\/title>\n<meta name=\"robots\" content=\"index, follow, max-snippet:-1, max-image-preview:large, max-video-preview:-1\" \/>\n<link rel=\"canonical\" href=\"https:\/\/pizzaria2020.com.br\/pizzaria2020\/pizzas\/\" \/>\n<meta property=\"og:locale\" content=\"pt_BR\" \/>\n<meta property=\"og:type\" content=\"article\" \/>\n<meta property=\"og:title\" content=\"PIZZAS - Pizzaria 2020\" \/>\n<meta property=\"og:description\" content=\"Novidade, pizza tamanho Fam\u00edlia&#8230;\u00a0 Todas as pizzas acompanham molho e or\u00e9gano.\" \/>\n<meta property=\"og:url\" content=\"https:\/\/pizzaria2020.com.br\/pizzaria2020\/pizzas\/\" \/>\n<meta property=\"og:site_name\" content=\"Pizzaria 2020\" \/>\n<meta property=\"article:modified_time\" content=\"2023-01-06T19:13:22+00:00\" \/>\n<meta name=\"twitter:card\" content=\"summary_large_image\" \/>\n<script type=\"application\/ld+json\" class=\"yoast-schema-graph\">{\"@context\":\"https:\\\/\\\/schema.org\",\"@graph\":[{\"@type\":\"WebPage\",\"@id\":\"https:\\\/\\\/pizzaria2020.com.br\\\/pizzaria2020\\\/pizzas\\\/\",\"url\":\"https:\\\/\\\/pizzaria2020.com.br\\\/pizzaria2020\\\/pizzas\\\/\",\"name\":\"PIZZAS - Pizzaria 2020\",\"isPartOf\":{\"@id\":\"https:\\\/\\\/pizzaria2020.com.br\\\/pizzaria2020\\\/#website\"},\"datePublished\":\"2023-01-06T18:51:42+00:00\",\"dateModified\":\"2023-01-06T19:13:22+00:00\",\"breadcrumb\":{\"@id\":\"https:\\\/\\\/pizzaria2020.com.br\\\/pizzaria2020\\\/pizzas\\\/#breadcrumb\"},\"inLanguage\":\"pt-BR\",\"potentialAction\":[{\"@type\":\"ReadAction\",\"target\":[\"https:\\\/\\\/pizzaria2020.com.br\\\/pizzaria2020\\\/pizzas\\\/\"]}]},{\"@type\":\"BreadcrumbList\",\"@id\":\"https:\\\/\\\/pizzaria2020.com.br\\\/pizzaria2020\\\/pizzas\\\/#breadcrumb\",\"itemListElement\":[{\"@type\":\"ListItem\",\"position\":1,\"name\":\"In\u00edcio\",\"item\":\"https:\\\/\\\/pizzaria2020.com.br\\\/pizzaria2020\\\/\"},{\"@type\":\"ListItem\",\"position\":2,\"name\":\"PIZZAS\"}]},{\"@type\":\"WebSite\",\"@id\":\"https:\\\/\\\/pizzaria2020.com.br\\\/pizzaria2020\\\/#website\",\"url\":\"https:\\\/\\\/pizzaria2020.com.br\\\/pizzaria2020\\\/\",\"name\":\"Pizzaria 2020\",\"description\":\"A melhor pizza do ABC\",\"potentialAction\":[{\"@type\":\"SearchAction\",\"target\":{\"@type\":\"EntryPoint\",\"urlTemplate\":\"https:\\\/\\\/pizzaria2020.com.br\\\/pizzaria2020\\\/?s={search_term_string}\"},\"query-input\":{\"@type\":\"PropertyValueSpecification\",\"valueRequired\":true,\"valueName\":\"search_term_string\"}}],\"inLanguage\":\"pt-BR\"}]}<\/script>\n<!-- \/ Yoast SEO plugin. -->","yoast_head_json":{"title":"PIZZAS - Pizzaria 2020","robots":{"index":"index","follow":"follow","max-snippet":"max-snippet:-1","max-image-preview":"max-image-preview:large","max-video-preview":"max-video-preview:-1"},"canonical":"https:\/\/pizzaria2020.com.br\/pizzaria2020\/pizzas\/","og_locale":"pt_BR","og_type":"article","og_title":"PIZZAS - Pizzaria 2020","og_description":"Novidade, pizza tamanho Fam\u00edlia&#8230;\u00a0 Todas as pizzas acompanham molho e or\u00e9gano.","og_url":"https:\/\/pizzaria2020.com.br\/pizzaria2020\/pizzas\/","og_site_name":"Pizzaria 2020","article_modified_time":"2023-01-06T19:13:22+00:00","twitter_card":"summary_large_image","schema":{"@context":"https:\/\/schema.org","@graph":[{"@type":"WebPage","@id":"https:\/\/pizzaria2020.com.br\/pizzaria2020\/pizzas\/","url":"https:\/\/pizzaria2020.com.br\/pizzaria2020\/pizzas\/","name":"PIZZAS - Pizzaria 2020","isPartOf":{"@id":"https:\/\/pizzaria2020.com.br\/pizzaria2020\/#website"},"datePublished":"2023-01-06T18:51:42+00:00","dateModified":"2023-01-06T19:13:22+00:00","breadcrumb":{"@id":"https:\/\/pizzaria2020.com.br\/pizzaria2020\/pizzas\/#breadcrumb"},"inLanguage":"pt-BR","potentialAction":[{"@type":"ReadAction","target":["https:\/\/pizzaria2020.com.br\/pizzaria2020\/pizzas\/"]}]},{"@type":"BreadcrumbList","@id":"https:\/\/pizzaria2020.com.br\/pizzaria2020\/pizzas\/#breadcrumb","itemListElement":[{"@type":"ListItem","position":1,"name":"In\u00edcio","item":"https:\/\/pizzaria2020.com.br\/pizzaria2020\/"},{"@type":"ListItem","position":2,"name":"PIZZAS"}]},{"@type":"WebSite","@id":"https:\/\/pizzaria2020.com.br\/pizzaria2020\/#website","url":"https:\/\/pizzaria2020.com.br\/pizzaria2020\/","name":"Pizzaria 2020","description":"A melhor pizza do ABC","potentialAction":[{"@type":"SearchAction","target":{"@type":"EntryPoint","urlTemplate":"https:\/\/pizzaria2020.com.br\/pizzaria2020\/?s={search_term_string}"},"query-input":{"@type":"PropertyValueSpecification","valueRequired":true,"valueName":"search_term_string"}}],"inLanguage":"pt-BR"}]}},"_links":{"self":[{"href":"https:\/\/pizzaria2020.com.br\/pizzaria2020\/wp-json\/wp\/v2\/pages\/49","targetHints":{"allow":["GET"]}}],"collection":[{"href":"https:\/\/pizzaria2020.com.br\/pizzaria2020\/wp-json\/wp\/v2\/pages"}],"about":[{"href":"https:\/\/pizzaria2020.com.br\/pizzaria2020\/wp-json\/wp\/v2\/types\/page"}],"author":[{"embeddable":true,"href":"https:\/\/pizzaria2020.com.br\/pizzaria2020\/wp-json\/wp\/v2\/users\/1"}],"replies":[{"embeddable":true,"href":"https:\/\/pizzaria2020.com.br\/pizzaria2020\/wp-json\/wp\/v2\/comments?post=49"}],"version-history":[{"count":3,"href":"https:\/\/pizzaria2020.com.br\/pizzaria2020\/wp-json\/wp\/v2\/pages\/49\/revisions"}],"predecessor-version":[{"id":56,"href":"https:\/\/pizzaria2020.com.br\/pizzaria2020\/wp-json\/wp\/v2\/pages\/49\/revisions\/56"}],"wp:attachment":[{"href":"https:\/\/pizzaria2020.com.br\/pizzaria2020\/wp-json\/wp\/v2\/media?parent=49"}],"curies":[{"name":"wp","href":"https:\/\/api.w.org\/{rel}","templated":true}]}}