{"id":63,"date":"2023-01-06T16:46:45","date_gmt":"2023-01-06T19:46:45","guid":{"rendered":"https:\/\/pizzaria2020.com.br\/pizzaria2020\/?page_id=63"},"modified":"2023-01-06T16:52:54","modified_gmt":"2023-01-06T19:52:54","slug":"esfihas","status":"publish","type":"page","link":"https:\/\/pizzaria2020.com.br\/pizzaria2020\/esfihas\/","title":{"rendered":"ESFIHAS"},"content":{"rendered":"<div class=\"container section-title-container\" ><h3 class=\"section-title section-title-center\"><b><\/b><span class=\"section-title-main\" ><i class=\"icon-checkmark\" ><\/i>ESFIHAS SALGADAS E DOCES<\/span><b><\/b><\/h3><\/div>\n\n  <div class=\"banner has-hover\" id=\"banner-977214822\">\n          <div class=\"banner-inner fill\">\n        <div class=\"banner-bg fill\" >\n            <div class=\"bg fill bg-fill \"><\/div>\n                                    \n            <div class=\"effect-sparkle bg-effect fill no-click\"><\/div>        <\/div>\n\t\t\n        <div class=\"banner-layers container\">\n            <div class=\"fill banner-link\"><\/div>            \n        <\/div>\n      <\/div>\n\n            \n<style>\n#banner-977214822 {\n  padding-top: 140px;\n}\n#banner-977214822 .bg.bg-loaded {\n  background-image: url(https:\/\/pizzaria2020.com.br\/pizzaria2020\/wp-content\/uploads\/2023\/01\/A-950x140-1.jpg);\n}\n#banner-977214822 .ux-shape-divider--top svg {\n  height: 150px;\n  --divider-top-width: 100%;\n}\n#banner-977214822 .ux-shape-divider--bottom svg {\n  height: 150px;\n  --divider-width: 100%;\n}\n<\/style>\n  <\/div>\n\n\n\n\n<table id=\"tablepress-2\" class=\"tablepress tablepress-id-2\">\n<thead>\n<tr class=\"row-1\">\n\t<th class=\"column-1\">N\u00daMERO<\/th><th class=\"column-2\">NOME<\/th><th class=\"column-3\">ITENS CONTIDOS NA ESFIHA<\/th>\n<\/tr>\n<\/thead>\n<tbody class=\"row-striping row-hover\">\n<tr class=\"row-2\">\n\t<td class=\"column-1\">4100<\/td><td class=\"column-2\">CARNE<\/td><td class=\"column-3\">carne e molho especial<\/td>\n<\/tr>\n<tr class=\"row-3\">\n\t<td class=\"column-1\">4001<\/td><td class=\"column-2\">ALICHE IMPORTADO<\/td><td class=\"column-3\">Fatias de tomate, aliche importado e cebolas<\/td>\n<\/tr>\n<tr class=\"row-4\">\n\t<td class=\"column-1\">4002<\/td><td class=\"column-2\">ATUM<\/td><td class=\"column-3\">Atum<\/td>\n<\/tr>\n<tr class=\"row-5\">\n\t<td class=\"column-1\">4003<\/td><td class=\"column-2\">ATUM COM MILHO<\/td><td class=\"column-3\">Atum, milho verde<\/td>\n<\/tr>\n<tr class=\"row-6\">\n\t<td class=\"column-1\">4004<\/td><td class=\"column-2\">BACON<\/td><td class=\"column-3\">Mussarela, bacon<\/td>\n<\/tr>\n<tr class=\"row-7\">\n\t<td class=\"column-1\">4005<\/td><td class=\"column-2\">BAIACATU<\/td><td class=\"column-3\">Catupiry original, calabresa mo\u00edda<\/td>\n<\/tr>\n<tr class=\"row-8\">\n\t<td class=\"column-1\">4006<\/td><td class=\"column-2\">ESCAROLA<\/td><td class=\"column-3\">Escarola, coberta de mussarela<\/td>\n<\/tr>\n<tr class=\"row-9\">\n\t<td class=\"column-1\">4007<\/td><td class=\"column-2\">PALMITO COM CATUPIRY ORIGINAL<\/td><td class=\"column-3\">Catupiry original, palmito<\/td>\n<\/tr>\n<tr class=\"row-10\">\n\t<td class=\"column-1\">4008<\/td><td class=\"column-2\">CALABRESA<\/td><td class=\"column-3\">Calabresa mo\u00edda<\/td>\n<\/tr>\n<tr class=\"row-11\">\n\t<td class=\"column-1\">4009<\/td><td class=\"column-2\">CAMAR\u00c3O<\/td><td class=\"column-3\">Camar\u00e3o com mussarela<\/td>\n<\/tr>\n<tr class=\"row-12\">\n\t<td class=\"column-1\">4010<\/td><td class=\"column-2\">CAMAR\u00c3O COM CATUPIRY ORIGINAL<\/td><td class=\"column-3\">Catupiry, camar\u00e3o<\/td>\n<\/tr>\n<tr class=\"row-13\">\n\t<td class=\"column-1\">4011<\/td><td class=\"column-2\">CATUPIRY COM MILHO<\/td><td class=\"column-3\">Catupiry original, milho verde<\/td>\n<\/tr>\n<tr class=\"row-14\">\n\t<td class=\"column-1\">4012<\/td><td class=\"column-2\">LOMBO CANADENSE COM MUSSARELA<\/td><td class=\"column-3\"><\/td>\n<\/tr>\n<tr class=\"row-15\">\n\t<td class=\"column-1\">4112<\/td><td class=\"column-2\">LOMBO CANADENSE COM CATUPIRY ORIGINAL<\/td><td class=\"column-3\"><\/td>\n<\/tr>\n<tr class=\"row-16\">\n\t<td class=\"column-1\">4013<\/td><td class=\"column-2\">CATUPIRY ORIGINAL<\/td><td class=\"column-3\">Catupiry original<\/td>\n<\/tr>\n<tr class=\"row-17\">\n\t<td class=\"column-1\">4014<\/td><td class=\"column-2\">CALIF\u00d3RNIA<\/td><td class=\"column-3\">Lombo canadense, peda\u00e7os de frutas, coberta de mussarela e cerejas<\/td>\n<\/tr>\n<tr class=\"row-18\">\n\t<td class=\"column-1\">4015<\/td><td class=\"column-2\">DOIS QUEIJOS<\/td><td class=\"column-3\">Mussarela, Provolone<\/td>\n<\/tr>\n<tr class=\"row-19\">\n\t<td class=\"column-1\">4016<\/td><td class=\"column-2\">FIORENTINA<\/td><td class=\"column-3\">Atum, palmito, ervilha, camar\u00e3o, cebola, coberta de mussarela<\/td>\n<\/tr>\n<tr class=\"row-20\">\n\t<td class=\"column-1\">4017<\/td><td class=\"column-2\">GORGONZOLA<\/td><td class=\"column-3\">Gorgonzola com mussarela ou catupiry original<\/td>\n<\/tr>\n<tr class=\"row-21\">\n\t<td class=\"column-1\">4018<\/td><td class=\"column-2\">MUSSARELA<\/td><td class=\"column-3\">Mussarela<\/td>\n<\/tr>\n<tr class=\"row-22\">\n\t<td class=\"column-1\">4019<\/td><td class=\"column-2\">MILHO VERDE COM CAMAR\u00c3O<\/td><td class=\"column-3\">Mussarela, milho verde, camar\u00e3o<\/td>\n<\/tr>\n<tr class=\"row-23\">\n\t<td class=\"column-1\">4020<\/td><td class=\"column-2\">MILHO VERDE<\/td><td class=\"column-3\">Mussarela, milho<\/td>\n<\/tr>\n<tr class=\"row-24\">\n\t<td class=\"column-1\">4022<\/td><td class=\"column-2\">A MODA DA CASA<\/td><td class=\"column-3\">Mussarela, lombo picado, palmito, ervilha, ovo, bacon, camar\u00e3o<\/td>\n<\/tr>\n<tr class=\"row-25\">\n\t<td class=\"column-1\">4023<\/td><td class=\"column-2\">MUSSARELA COM PALMITO<\/td><td class=\"column-3\">Mussarela, palmito<\/td>\n<\/tr>\n<tr class=\"row-26\">\n\t<td class=\"column-1\">4024<\/td><td class=\"column-2\">PORTUGUESA<\/td><td class=\"column-3\">Mussarela, presunto, calabresa, palmito, ervilha, ovo<\/td>\n<\/tr>\n<tr class=\"row-27\">\n\t<td class=\"column-1\">4025<\/td><td class=\"column-2\">PRESUNTO<\/td><td class=\"column-3\">Presunto com mussarela<\/td>\n<\/tr>\n<tr class=\"row-28\">\n\t<td class=\"column-1\">4027<\/td><td class=\"column-2\">QUATRO QUEIJOS<\/td><td class=\"column-3\">Mussarela, provolone, bolas de catupiry original, Gorgonzola<\/td>\n<\/tr>\n<tr class=\"row-29\">\n\t<td class=\"column-1\">4028<\/td><td class=\"column-2\"><\/td><td class=\"column-3\"><\/td>\n<\/tr>\n<tr class=\"row-30\">\n\t<td class=\"column-1\">4128<\/td><td class=\"column-2\"><\/td><td class=\"column-3\"><\/td>\n<\/tr>\n<tr class=\"row-31\">\n\t<td class=\"column-1\">4029<\/td><td class=\"column-2\">SICILIANA<\/td><td class=\"column-3\">Calabresa mo\u00edda, camar\u00e3o, cebola, parmes\u00e3o<\/td>\n<\/tr>\n<tr class=\"row-32\">\n\t<td class=\"column-1\">4030<\/td><td class=\"column-2\">TOSCANA<\/td><td class=\"column-3\">Calabresa, coberta de mussarela<\/td>\n<\/tr>\n<tr class=\"row-33\">\n\t<td class=\"column-1\">4031<\/td><td class=\"column-2\">VINTEVINTE<\/td><td class=\"column-3\">Atum, lombo picado, milho verde, camar\u00e3o, coberta de mussarela<\/td>\n<\/tr>\n<tr class=\"row-34\">\n\t<td class=\"column-1\">4032<\/td><td class=\"column-2\"><\/td><td class=\"column-3\"><\/td>\n<\/tr>\n<tr class=\"row-35\">\n\t<td class=\"column-1\">4033<\/td><td class=\"column-2\">MILHO VERDE COM ATUM<\/td><td class=\"column-3\">Mussarela, atum, milho verde<\/td>\n<\/tr>\n<tr class=\"row-36\">\n\t<td class=\"column-1\">4034<\/td><td class=\"column-2\">GREGA<\/td><td class=\"column-3\">Champignon, camar\u00e3o, coberta de mussarela<\/td>\n<\/tr>\n<tr class=\"row-37\">\n\t<td class=\"column-1\">4035<\/td><td class=\"column-2\">CAPRESA<\/td><td class=\"column-3\">Mussarela, presunto, bacon<\/td>\n<\/tr>\n<tr class=\"row-38\">\n\t<td class=\"column-1\">4036<\/td><td class=\"column-2\">FRANGO COM MUSSARELA<\/td><td class=\"column-3\">Frango, coberta de mussarela<\/td>\n<\/tr>\n<tr class=\"row-39\">\n\t<td class=\"column-1\">4037<\/td><td class=\"column-2\">PERUANA<\/td><td class=\"column-3\">Atum, coberta de mussarela<\/td>\n<\/tr>\n<tr class=\"row-40\">\n\t<td class=\"column-1\">4038<\/td><td class=\"column-2\">ALHO E \u00d3LEO<\/td><td class=\"column-3\">Mussarela, alho frito<\/td>\n<\/tr>\n<tr class=\"row-41\">\n\t<td class=\"column-1\">4039<\/td><td class=\"column-2\">NAMORADOS<\/td><td class=\"column-3\">Mussarela, bolas de catupiry original, palmito, fatias de tomate<\/td>\n<\/tr>\n<tr class=\"row-42\">\n\t<td class=\"column-1\">4040<\/td><td class=\"column-2\">BRASILEIRA<\/td><td class=\"column-3\">Mussarela, calabresa, palmito, bacon<\/td>\n<\/tr>\n<tr class=\"row-43\">\n\t<td class=\"column-1\">4041<\/td><td class=\"column-2\">CATUPIRY ORIGINAL COM ATUM<\/td><td class=\"column-3\">Catupiry original com atum s\u00f3lido<\/td>\n<\/tr>\n<tr class=\"row-44\">\n\t<td class=\"column-1\">4042<\/td><td class=\"column-2\">ROMANA<\/td><td class=\"column-3\">Mussarela, aliche importado<\/td>\n<\/tr>\n<tr class=\"row-45\">\n\t<td class=\"column-1\">4043<\/td><td class=\"column-2\">NAPOLITANA<\/td><td class=\"column-3\">Mussarela, fatias de tomate, aliche importado, parmes\u00e3o<\/td>\n<\/tr>\n<tr class=\"row-46\">\n\t<td class=\"column-1\">4044<\/td><td class=\"column-2\">AVENIDA<\/td><td class=\"column-3\">Atum, mussarela, calabresa, palmito, ervilha, ovo<\/td>\n<\/tr>\n<tr class=\"row-47\">\n\t<td class=\"column-1\">4045<\/td><td class=\"column-2\">FRANGO COM CATUPIRY ORIGINAL<\/td><td class=\"column-3\">Catupiry original, frango desfiado<\/td>\n<\/tr>\n<tr class=\"row-48\">\n\t<td class=\"column-1\">4046<\/td><td class=\"column-2\">A MODA DO CHEFE<\/td><td class=\"column-3\">Escarola, aliche, cebola, provolone ralado<\/td>\n<\/tr>\n<tr class=\"row-49\">\n\t<td class=\"column-1\">4047<\/td><td class=\"column-2\">TURIM<\/td><td class=\"column-3\">Atum, champignon, coberta de mussarela<\/td>\n<\/tr>\n<tr class=\"row-50\">\n\t<td class=\"column-1\">4048<\/td><td class=\"column-2\">TRIC-TRIC<\/td><td class=\"column-3\">Mussarela, lombo picado, champignon, aliche<\/td>\n<\/tr>\n<tr class=\"row-51\">\n\t<td class=\"column-1\">4049<\/td><td class=\"column-2\">MARGUERITA<\/td><td class=\"column-3\">Mussarela, fatias de tomate, manjeric\u00e3o, parmes\u00e3o<\/td>\n<\/tr>\n<tr class=\"row-52\">\n\t<td class=\"column-1\">4050<\/td><td class=\"column-2\">RUCULA<\/td><td class=\"column-3\">Mussarela, rucula, tomate seco<\/td>\n<\/tr>\n<tr class=\"row-53\">\n\t<td class=\"column-1\">4052<\/td><td class=\"column-2\">MARGUERITA COM TOMATE SECO<\/td><td class=\"column-3\">Mussarela, tomate seco, manjeric\u00e3o e parmes\u00e3o<\/td>\n<\/tr>\n<tr class=\"row-54\">\n\t<td class=\"column-1\">4053<\/td><td class=\"column-2\">CALIF\u00d3RNIA VINTEVINTE<\/td><td class=\"column-3\">Catupiry, peda\u00e7os de frutas, canela e cerejas<\/td>\n<\/tr>\n<tr class=\"row-55\">\n\t<td class=\"column-1\">4054<\/td><td class=\"column-2\">LOMBO COM CHEDDAR<\/td><td class=\"column-3\">Lombo canadense, cheddar<\/td>\n<\/tr>\n<tr class=\"row-56\">\n\t<td class=\"column-1\">4055<\/td><td class=\"column-2\">FRANGO COM CHEDDAR<\/td><td class=\"column-3\">Frango, cheddar<\/td>\n<\/tr>\n<tr class=\"row-57\">\n\t<td class=\"column-1\">4056<\/td><td class=\"column-2\">ROMEU E JULIETA<\/td><td class=\"column-3\">Leite condensado, goiabada, coberta de mussarela<\/td>\n<\/tr>\n<tr class=\"row-58\">\n\t<td class=\"column-1\">4057<\/td><td class=\"column-2\">NORDESTINA COM CATUPIRY ORIGINAL<\/td><td class=\"column-3\">Carne seca desfiada, catupiry original<\/td>\n<\/tr>\n<tr class=\"row-59\">\n\t<td class=\"column-1\">4157<\/td><td class=\"column-2\">NORDESTINA COM MUSSARELA<\/td><td class=\"column-3\">Carne seca desfiada com mussarela<\/td>\n<\/tr>\n<tr class=\"row-60\">\n\t<td class=\"column-1\">4058<\/td><td class=\"column-2\">DIPLOMATA COM CATUPIRY ORIGINAL<\/td><td class=\"column-3\">Catupiry original, peito de peru<\/td>\n<\/tr>\n<tr class=\"row-61\">\n\t<td class=\"column-1\">4158<\/td><td class=\"column-2\">DIPLOMATA COM MUSSARELA<\/td><td class=\"column-3\">Mussarela com peito de peru<\/td>\n<\/tr>\n<tr class=\"row-62\">\n\t<td class=\"column-1\">4059<\/td><td class=\"column-2\">PEPPERONI COM CATUPIRY ORIGINAL<\/td><td class=\"column-3\">Catupiry original, cebola, pepperoni<\/td>\n<\/tr>\n<tr class=\"row-63\">\n\t<td class=\"column-1\">4159<\/td><td class=\"column-2\">PEPPERONI COM MUSSARELA<\/td><td class=\"column-3\">mussarela, cebola, pepperoni<\/td>\n<\/tr>\n<tr class=\"row-64\">\n\t<td class=\"column-1\">4060<\/td><td class=\"column-2\">BROC\u00d3LIS<\/td><td class=\"column-3\">Br\u00f3colis, bacon, coberta de mussarela<\/td>\n<\/tr>\n<tr class=\"row-65\">\n\t<td class=\"column-1\">4061<\/td><td class=\"column-2\">BR\u00d3COLIS II<\/td><td class=\"column-3\">Br\u00f3colis, bacon, coberto de catupiry original<\/td>\n<\/tr>\n<tr class=\"row-66\">\n\t<td class=\"column-1\">4062<\/td><td class=\"column-2\">CHOCOLATE<\/td><td class=\"column-3\">Chocolate com granulado<\/td>\n<\/tr>\n<tr class=\"row-67\">\n\t<td class=\"column-1\">4063<\/td><td class=\"column-2\">FRANCESA<\/td><td class=\"column-3\">Peito de peru, palmito, cora\u00e7\u00e3o de alcachofra e alcaparras<\/td>\n<\/tr>\n<tr class=\"row-68\">\n\t<td class=\"column-1\">4064<\/td><td class=\"column-2\">BANANA<\/td><td class=\"column-3\">Leite condensado, rod. de banana, canela em p\u00f3<\/td>\n<\/tr>\n<tr class=\"row-69\">\n\t<td class=\"column-1\">4065<\/td><td class=\"column-2\">BERINGELA<\/td><td class=\"column-3\">Beringela com mussarela ou catupiry<\/td>\n<\/tr>\n<tr class=\"row-70\">\n\t<td class=\"column-1\">4066<\/td><td class=\"column-2\">ALEM\u00c3<\/td><td class=\"column-3\">Mussarela e batata palha<\/td>\n<\/tr>\n<tr class=\"row-71\">\n\t<td class=\"column-1\">4067<\/td><td class=\"column-2\">BAIANA<\/td><td class=\"column-3\">Calabresa mo\u00edda, ovos, pimenta e cebolas<\/td>\n<\/tr>\n<tr class=\"row-72\">\n\t<td class=\"column-1\">4069<\/td><td class=\"column-2\">PRESTIGIO<\/td><td class=\"column-3\">Chocolate com coco<\/td>\n<\/tr>\n<tr class=\"row-73\">\n\t<td class=\"column-1\">4070<\/td><td class=\"column-2\">DOCE DE LEITE<\/td><td class=\"column-3\">Doce de leite com coco ralado<\/td>\n<\/tr>\n<tr class=\"row-74\">\n\t<td class=\"column-1\">4071<\/td><td class=\"column-2\">HOLANDESA<\/td><td class=\"column-3\">Peito de peru, ovo, bacon, milho e rodelas de tomate, coberto de<br \/>\nmussarela<\/td>\n<\/tr>\n<tr class=\"row-75\">\n\t<td class=\"column-1\">4072<\/td><td class=\"column-2\">ALICHE<\/td><td class=\"column-3\">Tomate e aliche<\/td>\n<\/tr>\n<tr class=\"row-76\">\n\t<td class=\"column-1\">4073<\/td><td class=\"column-2\">VEGETARIANA<\/td><td class=\"column-3\">Escarola, palmito, milho, ervilha, champignon<\/td>\n<\/tr>\n<tr class=\"row-77\">\n\t<td class=\"column-1\">4174<\/td><td class=\"column-2\">VEGETARIANA II<\/td><td class=\"column-3\">Br\u00f3colis, Champignon, palmito<\/td>\n<\/tr>\n<tr class=\"row-78\">\n\t<td class=\"column-1\">4076<\/td><td class=\"column-2\">BEIJINHO<\/td><td class=\"column-3\">Doce de coco<\/td>\n<\/tr>\n<tr class=\"row-79\">\n\t<td class=\"column-1\">4077<\/td><td class=\"column-2\">FRAP\u00ca<\/td><td class=\"column-3\">Doce de coco com chocolate por cima<\/td>\n<\/tr>\n<tr class=\"row-80\">\n\t<td class=\"column-1\">4178<\/td><td class=\"column-2\">SENSA\u00c7\u00c3O<\/td><td class=\"column-3\">Brigadeiro com morango e granulado<\/td>\n<\/tr>\n<tr class=\"row-81\">\n\t<td class=\"column-1\">4179<\/td><td class=\"column-2\">CHOCOLATE BRANCO<\/td><td class=\"column-3\"><\/td>\n<\/tr>\n<tr class=\"row-82\">\n\t<td class=\"column-1\">4182<\/td><td class=\"column-2\">SENSA\u00c7\u00c3O COM CHOCOLATE BRANCO<\/td><td class=\"column-3\">Chocolate branco com morango<\/td>\n<\/tr>\n<tr class=\"row-83\">\n\t<td class=\"column-1\">4180<\/td><td class=\"column-2\">MESCLADO<\/td><td class=\"column-3\">Chocolate branco com chocolate ao leite<\/td>\n<\/tr>\n<tr class=\"row-84\">\n\t<td class=\"column-1\">4102<\/td><td class=\"column-2\">ATUM COM CREEM CHEESE<\/td><td class=\"column-3\"><\/td>\n<\/tr>\n<tr class=\"row-85\">\n\t<td class=\"column-1\">4208<\/td><td class=\"column-2\">CALABRESA COM CREM CHEESE<\/td><td class=\"column-3\"><\/td>\n<\/tr>\n<tr class=\"row-86\">\n\t<td class=\"column-1\">4345<\/td><td class=\"column-2\">FRANGO COM CREAM CHEESE<\/td><td class=\"column-3\"><\/td>\n<\/tr>\n<tr class=\"row-87\">\n\t<td class=\"column-1\">4080<\/td><td class=\"column-2\"><\/td><td class=\"column-3\"><\/td>\n<\/tr>\n<tr class=\"row-88\">\n\t<td class=\"column-1\">4081<\/td><td class=\"column-2\"><\/td><td class=\"column-3\"><\/td>\n<\/tr>\n<tr class=\"row-89\">\n\t<td class=\"column-1\">4400<\/td><td class=\"column-2\">CARNE CREM CHEESSE<\/td><td class=\"column-3\"><\/td>\n<\/tr>\n<tr class=\"row-90\">\n\t<td class=\"column-1\">4278<\/td><td class=\"column-2\">MM\u00b4S CHOCOLATE AO LEITE<\/td><td class=\"column-3\">Chocolate ao leite com mm\u00b4s<\/td>\n<\/tr>\n<tr class=\"row-91\">\n\t<td class=\"column-1\">4378<\/td><td class=\"column-2\">MM\u00b4S CHOCOLATE BRANCO<\/td><td class=\"column-3\">Chocolate branco com mm\u00b4s<\/td>\n<\/tr>\n<tr class=\"row-92\">\n\t<td class=\"column-1\">4156<\/td><td class=\"column-2\">Xcake<\/td><td class=\"column-3\">Goibada com cream cheesse<\/td>\n<\/tr>\n<tr class=\"row-93\">\n\t<td class=\"column-1\">4162<\/td><td class=\"column-2\">TORTUGA<\/td><td class=\"column-3\">Doce de leite coberta com chocolate<\/td>\n<\/tr>\n<tr class=\"row-94\">\n\t<td class=\"column-1\">4163<\/td><td class=\"column-2\">TORTUGA II<\/td><td class=\"column-3\">Doce de leite coberta com chocolate branco<\/td>\n<\/tr>\n<tr class=\"row-95\">\n\t<td class=\"column-1\">4191<\/td><td class=\"column-2\">MINEIRA<\/td><td class=\"column-3\">Doce de leite coberta com cream cheesse<\/td>\n<\/tr>\n<tr class=\"row-96\">\n\t<td class=\"column-1\">4260<\/td><td class=\"column-2\">BROCOLIS, CALABRESA E MUSSARELA<\/td><td class=\"column-3\"><\/td>\n<\/tr>\n<\/tbody>\n<\/table>\n<!-- #tablepress-2 from cache -->\n\n","protected":false},"excerpt":{"rendered":"","protected":false},"author":1,"featured_media":0,"parent":0,"menu_order":0,"comment_status":"closed","ping_status":"closed","template":"","meta":{"footnotes":""},"class_list":["post-63","page","type-page","status-publish","hentry"],"yoast_head":"<!-- This site is optimized with the Yoast SEO plugin v27.5 - https:\/\/yoast.com\/product\/yoast-seo-wordpress\/ -->\n<title>ESFIHAS - Pizzaria 2020<\/title>\n<meta name=\"robots\" content=\"index, follow, max-snippet:-1, max-image-preview:large, max-video-preview:-1\" \/>\n<link rel=\"canonical\" href=\"https:\/\/pizzaria2020.com.br\/pizzaria2020\/esfihas\/\" \/>\n<meta property=\"og:locale\" content=\"pt_BR\" \/>\n<meta property=\"og:type\" content=\"article\" \/>\n<meta property=\"og:title\" content=\"ESFIHAS - Pizzaria 2020\" \/>\n<meta property=\"og:url\" content=\"https:\/\/pizzaria2020.com.br\/pizzaria2020\/esfihas\/\" \/>\n<meta property=\"og:site_name\" content=\"Pizzaria 2020\" \/>\n<meta property=\"article:modified_time\" content=\"2023-01-06T19:52:54+00:00\" \/>\n<meta name=\"twitter:card\" content=\"summary_large_image\" \/>\n<script type=\"application\/ld+json\" class=\"yoast-schema-graph\">{\"@context\":\"https:\\\/\\\/schema.org\",\"@graph\":[{\"@type\":\"WebPage\",\"@id\":\"https:\\\/\\\/pizzaria2020.com.br\\\/pizzaria2020\\\/esfihas\\\/\",\"url\":\"https:\\\/\\\/pizzaria2020.com.br\\\/pizzaria2020\\\/esfihas\\\/\",\"name\":\"ESFIHAS - Pizzaria 2020\",\"isPartOf\":{\"@id\":\"https:\\\/\\\/pizzaria2020.com.br\\\/pizzaria2020\\\/#website\"},\"datePublished\":\"2023-01-06T19:46:45+00:00\",\"dateModified\":\"2023-01-06T19:52:54+00:00\",\"breadcrumb\":{\"@id\":\"https:\\\/\\\/pizzaria2020.com.br\\\/pizzaria2020\\\/esfihas\\\/#breadcrumb\"},\"inLanguage\":\"pt-BR\",\"potentialAction\":[{\"@type\":\"ReadAction\",\"target\":[\"https:\\\/\\\/pizzaria2020.com.br\\\/pizzaria2020\\\/esfihas\\\/\"]}]},{\"@type\":\"BreadcrumbList\",\"@id\":\"https:\\\/\\\/pizzaria2020.com.br\\\/pizzaria2020\\\/esfihas\\\/#breadcrumb\",\"itemListElement\":[{\"@type\":\"ListItem\",\"position\":1,\"name\":\"In\u00edcio\",\"item\":\"https:\\\/\\\/pizzaria2020.com.br\\\/pizzaria2020\\\/\"},{\"@type\":\"ListItem\",\"position\":2,\"name\":\"ESFIHAS\"}]},{\"@type\":\"WebSite\",\"@id\":\"https:\\\/\\\/pizzaria2020.com.br\\\/pizzaria2020\\\/#website\",\"url\":\"https:\\\/\\\/pizzaria2020.com.br\\\/pizzaria2020\\\/\",\"name\":\"Pizzaria 2020\",\"description\":\"A melhor pizza do ABC\",\"potentialAction\":[{\"@type\":\"SearchAction\",\"target\":{\"@type\":\"EntryPoint\",\"urlTemplate\":\"https:\\\/\\\/pizzaria2020.com.br\\\/pizzaria2020\\\/?s={search_term_string}\"},\"query-input\":{\"@type\":\"PropertyValueSpecification\",\"valueRequired\":true,\"valueName\":\"search_term_string\"}}],\"inLanguage\":\"pt-BR\"}]}<\/script>\n<!-- \/ Yoast SEO plugin. -->","yoast_head_json":{"title":"ESFIHAS - Pizzaria 2020","robots":{"index":"index","follow":"follow","max-snippet":"max-snippet:-1","max-image-preview":"max-image-preview:large","max-video-preview":"max-video-preview:-1"},"canonical":"https:\/\/pizzaria2020.com.br\/pizzaria2020\/esfihas\/","og_locale":"pt_BR","og_type":"article","og_title":"ESFIHAS - Pizzaria 2020","og_url":"https:\/\/pizzaria2020.com.br\/pizzaria2020\/esfihas\/","og_site_name":"Pizzaria 2020","article_modified_time":"2023-01-06T19:52:54+00:00","twitter_card":"summary_large_image","schema":{"@context":"https:\/\/schema.org","@graph":[{"@type":"WebPage","@id":"https:\/\/pizzaria2020.com.br\/pizzaria2020\/esfihas\/","url":"https:\/\/pizzaria2020.com.br\/pizzaria2020\/esfihas\/","name":"ESFIHAS - Pizzaria 2020","isPartOf":{"@id":"https:\/\/pizzaria2020.com.br\/pizzaria2020\/#website"},"datePublished":"2023-01-06T19:46:45+00:00","dateModified":"2023-01-06T19:52:54+00:00","breadcrumb":{"@id":"https:\/\/pizzaria2020.com.br\/pizzaria2020\/esfihas\/#breadcrumb"},"inLanguage":"pt-BR","potentialAction":[{"@type":"ReadAction","target":["https:\/\/pizzaria2020.com.br\/pizzaria2020\/esfihas\/"]}]},{"@type":"BreadcrumbList","@id":"https:\/\/pizzaria2020.com.br\/pizzaria2020\/esfihas\/#breadcrumb","itemListElement":[{"@type":"ListItem","position":1,"name":"In\u00edcio","item":"https:\/\/pizzaria2020.com.br\/pizzaria2020\/"},{"@type":"ListItem","position":2,"name":"ESFIHAS"}]},{"@type":"WebSite","@id":"https:\/\/pizzaria2020.com.br\/pizzaria2020\/#website","url":"https:\/\/pizzaria2020.com.br\/pizzaria2020\/","name":"Pizzaria 2020","description":"A melhor pizza do ABC","potentialAction":[{"@type":"SearchAction","target":{"@type":"EntryPoint","urlTemplate":"https:\/\/pizzaria2020.com.br\/pizzaria2020\/?s={search_term_string}"},"query-input":{"@type":"PropertyValueSpecification","valueRequired":true,"valueName":"search_term_string"}}],"inLanguage":"pt-BR"}]}},"_links":{"self":[{"href":"https:\/\/pizzaria2020.com.br\/pizzaria2020\/wp-json\/wp\/v2\/pages\/63","targetHints":{"allow":["GET"]}}],"collection":[{"href":"https:\/\/pizzaria2020.com.br\/pizzaria2020\/wp-json\/wp\/v2\/pages"}],"about":[{"href":"https:\/\/pizzaria2020.com.br\/pizzaria2020\/wp-json\/wp\/v2\/types\/page"}],"author":[{"embeddable":true,"href":"https:\/\/pizzaria2020.com.br\/pizzaria2020\/wp-json\/wp\/v2\/users\/1"}],"replies":[{"embeddable":true,"href":"https:\/\/pizzaria2020.com.br\/pizzaria2020\/wp-json\/wp\/v2\/comments?post=63"}],"version-history":[{"count":3,"href":"https:\/\/pizzaria2020.com.br\/pizzaria2020\/wp-json\/wp\/v2\/pages\/63\/revisions"}],"predecessor-version":[{"id":69,"href":"https:\/\/pizzaria2020.com.br\/pizzaria2020\/wp-json\/wp\/v2\/pages\/63\/revisions\/69"}],"wp:attachment":[{"href":"https:\/\/pizzaria2020.com.br\/pizzaria2020\/wp-json\/wp\/v2\/media?parent=63"}],"curies":[{"name":"wp","href":"https:\/\/api.w.org\/{rel}","templated":true}]}}